{"id":2,"date":"2025-12-19T11:33:40","date_gmt":"2025-12-19T04:33:40","guid":{"rendered":"https:\/\/www.demo.vietnamweb.asia\/?page_id=2"},"modified":"2025-12-19T11:33:42","modified_gmt":"2025-12-19T04:33:42","slug":"trang-chu","status":"publish","type":"page","link":"https:\/\/78winv2.net\/","title":{"rendered":"78winv2 co &#8211; Trang Ch\u1ee7 78win | N\u1ea1p USDT Th\u01b0\u1edfng Th\u00eam 10% M\u1ed7i Th\u1ee9 7"},"content":{"rendered":"<h2><span style=\"font-size: 110%; color: #f99b1c;\"><strong>TRANG CH\u1ee6 \u0110\u0102NG NH\u1eacP NH\u00c0 C\u00c1I 78WIN<\/strong><\/span><\/h2>\n<p>Link trang t\u1ed5ng v\u00e0o 78winv2 co ch\u00ednh th\u1ee9c c\u1eadp nh\u1eadt ng\u00e0y h\u00f4m nay m\u1edbi nh\u1ea5t:<\/p>\n<div class=\"row row-small\"  id=\"row-1408164313\">\n\n\t<div id=\"col-1103920036\" class=\"col medium-4 small-12 large-4\"  >\n\t\t\t\t<div class=\"col-inner\"  >\n\t\t\t\n\t\t\t\n\t<div class=\"img has-hover x md-x lg-x y md-y lg-y\" id=\"image_144914481\">\n\t\t<a class=\"\" href=\"https:\/\/qcte88.pro\/hwcf\" >\t\t\t\t\t\t<div class=\"img-inner dark\" >\n\t\t\t<img loading=\"lazy\" decoding=\"async\" width=\"400\" height=\"188\" src=\"https:\/\/78winv2.net\/wp-content\/uploads\/2025\/03\/dang-ky.webp\" class=\"attachment-original size-original\" alt=\"\u0110\u0103ng k\u00fd nh\u00e0 c\u00e1i\" srcset=\"https:\/\/78winv2.net\/wp-content\/uploads\/2025\/03\/dang-ky.webp 400w, https:\/\/78winv2.net\/wp-content\/uploads\/2025\/03\/dang-ky-300x141.webp 300w\" sizes=\"auto, (max-width: 400px) 100vw, 400px\" \/>\t\t\t\t\t\t\n\t\t\t\t\t<\/div>\n\t\t\t\t\t\t<\/a>\t\t\n<style>\n#image_144914481 {\n  width: 100%;\n}\n<\/style>\n\t<\/div>\n\t\n\t\t<\/div>\n\t\t\t\t\t<\/div>\n\n\t\n\n\t<div id=\"col-277616586\" class=\"col medium-4 small-12 large-4\"  >\n\t\t\t\t<div class=\"col-inner\"  >\n\t\t\t\n\t\t\t\n\t<div class=\"img has-hover x md-x lg-x y md-y lg-y\" id=\"image_1895998448\">\n\t\t<a class=\"\" href=\"https:\/\/qcte88.pro\/hwcf\" >\t\t\t\t\t\t<div class=\"img-inner dark\" >\n\t\t\t<img loading=\"lazy\" decoding=\"async\" width=\"400\" height=\"188\" src=\"https:\/\/78winv2.net\/wp-content\/uploads\/2025\/03\/dang-nhap.webp\" class=\"attachment-original size-original\" alt=\"\u0110\u0103ng nh\u1eadp t\u1ea3i app\" srcset=\"https:\/\/78winv2.net\/wp-content\/uploads\/2025\/03\/dang-nhap.webp 400w, https:\/\/78winv2.net\/wp-content\/uploads\/2025\/03\/dang-nhap-300x141.webp 300w\" sizes=\"auto, (max-width: 400px) 100vw, 400px\" \/>\t\t\t\t\t\t\n\t\t\t\t\t<\/div>\n\t\t\t\t\t\t<\/a>\t\t\n<style>\n#image_1895998448 {\n  width: 100%;\n}\n<\/style>\n\t<\/div>\n\t\n\t\t<\/div>\n\t\t\t\t\t<\/div>\n\n\t\n\n\t<div id=\"col-1145203770\" class=\"col medium-4 small-12 large-4\"  >\n\t\t\t\t<div class=\"col-inner\"  >\n\t\t\t\n\t\t\t\n\t<div class=\"img has-hover x md-x lg-x y md-y lg-y\" id=\"image_1265064348\">\n\t\t<a class=\"\" href=\"https:\/\/qcte88.pro\/hwcf\" >\t\t\t\t\t\t<div class=\"img-inner dark\" >\n\t\t\t<img loading=\"lazy\" decoding=\"async\" width=\"400\" height=\"188\" src=\"https:\/\/78winv2.net\/wp-content\/uploads\/2025\/03\/khuyen-mai.webp\" class=\"attachment-original size-original\" alt=\"Khuy\u1ebfn m\u00e3i th\u00e0nh vi\u00ean\" srcset=\"https:\/\/78winv2.net\/wp-content\/uploads\/2025\/03\/khuyen-mai.webp 400w, https:\/\/78winv2.net\/wp-content\/uploads\/2025\/03\/khuyen-mai-300x141.webp 300w\" sizes=\"auto, (max-width: 400px) 100vw, 400px\" \/>\t\t\t\t\t\t\n\t\t\t\t\t<\/div>\n\t\t\t\t\t\t<\/a>\t\t\n<style>\n#image_1265064348 {\n  width: 100%;\n}\n<\/style>\n\t<\/div>\n\t\n\t\t<\/div>\n\t\t\t\t\t<\/div>\n\n\t\n<\/div>\n\t<div id=\"gap-1127582136\" class=\"gap-element clearfix\" style=\"display:block; height:auto;\">\n\t\t\n<style>\n#gap-1127582136 {\n  padding-top: 16px;\n}\n<\/style>\n\t<\/div>\n\t\n\t<div id=\"gap-450458508\" class=\"gap-element clearfix\" style=\"display:block; height:auto;\">\n\t\t\n<style>\n#gap-450458508 {\n  padding-top: 15px;\n}\n<\/style>\n\t<\/div>\n\t\n<p>Disclaimer (Tuy\u00ean b\u1ed1 mi\u1ec5n tr\u1eeb): N\u1ed9i dung t\u1ea1i 78winv2.net nh\u1eb1m m\u1ee5c \u0111\u00edch cung c\u1ea5p th\u00f4ng tin tham kh\u1ea3o cho ng\u01b0\u1eddi \u0111\u1ee7 18 tu\u1ed5i, \u0111ang sinh s\u1ed1ng ngo\u00e0i Vi\u1ec7t Nam v\u00e0 kh\u00f4ng li\u00ean quan \u0111\u1ebfn c\u00e1 c\u01b0\u1ee3c. Ng\u01b0\u1eddi d\u00f9ng t\u1ef1 ch\u1ecbu tr\u00e1ch nhi\u1ec7m v\u1edbi h\u00e0nh vi c\u1ee7a m\u00ecnh sau khi ti\u1ebfp nh\u1eadn th\u00f4ng tin. 78winv2 org mi\u1ec5n tr\u1eeb m\u1ecdi tr\u00e1ch nhi\u1ec7m \u0111\u1ed1i v\u1edbi thi\u1ec7t h\u1ea1i do truy c\u1eadp ngu\u1ed3n ngo\u00e0i g\u00e2y ra.<\/p>\n<h2 class=\"tieu-de uppercase\"><span style=\"color: #3366ff;\"><strong>FAQ &#8211; Gi\u1ea3i \u0111\u00e1p th\u1eafc m\u1eafc v\u1ec1 nh\u00e0 c\u00e1i 78WIN<\/strong><\/span><\/h2>\n<div class=\"accordion\"><\/div>\n\t<div id=\"accordion-3489021070\" class=\"accordion-item\">\n\t\t<a id=\"accordion-3489021070-label\" class=\"accordion-title plain\" href=\"#accordion-item-\u0110\u0103ng-nh\u1eadp-&#038;-\u0110\u0103ng-k\u00fd-78winv2-.casino-tr\u00ean-trang-n\u00e0o?\" aria-expanded=\"false\" aria-controls=\"accordion-3489021070-content\" >\n\t\t\t<button class=\"toggle\" aria-label=\"Chuy\u1ec3n \u0111\u1ed5i\"><i class=\"icon-angle-down\"><\/i><\/button>\n\t\t\t<span>\u0110\u0103ng nh\u1eadp &amp; \u0110\u0103ng k\u00fd 78winv2 .casino tr\u00ean trang n\u00e0o?<\/span>\n\t\t<\/a>\n\t\t<div id=\"accordion-3489021070-content\" class=\"accordion-inner\" aria-labelledby=\"accordion-3489021070-label\" >\n\t\t\t\n<p><span style=\"color: #3366ff;\">C\u00e1c trang \u0111\u0103ng nh\u1eadp v\u00e0 \u0111\u0103ng k\u00fd t\u00e0i kho\u1ea3n 78win. com:<\/span><\/p>\n<ul>\n<li><span style=\"color: #3366ff;\">78winv 2.casino<\/span><\/li>\n<li><span style=\"color: #3366ff;\">78win v2.com<\/span><\/li>\n<li><span style=\"color: #3366ff;\">78winv2 . pro<\/span><\/li>\n<li><span style=\"color: #3366ff;\">78winv2 .game<\/span><\/li>\n<li><span style=\"color: #3366ff;\">78win v2.bet<\/span><\/li>\n<\/ul>\n<p>#trangchu78win #dangnhap78win #dangky78win #taiapp78win #app78win #78winbet #78wincasino<\/p>\n<p>#trangchu78winv2 #dangnhap78winv2 #dangky78winv2 #taiapp78winv2 #app78winv2 #78winv2bet #78winv2casino<\/p>\n\t\t<\/div>\n\t<\/div>\n\t\n\t<div id=\"accordion-1512186083\" class=\"accordion-item\">\n\t\t<a id=\"accordion-1512186083-label\" class=\"accordion-title plain\" href=\"#accordion-item-h\u00ecnh-th\u1ee9c-giao-d\u1ecbch-ch\u00ednh-tr\u00ean-78winv2-com?\" aria-expanded=\"false\" aria-controls=\"accordion-1512186083-content\" >\n\t\t\t<button class=\"toggle\" aria-label=\"Chuy\u1ec3n \u0111\u1ed5i\"><i class=\"icon-angle-down\"><\/i><\/button>\n\t\t\t<span>H\u00ecnh th\u1ee9c giao d\u1ecbch ch\u00ednh tr\u00ean 78winv2 com?<\/span>\n\t\t<\/a>\n\t\t<div id=\"accordion-1512186083-content\" class=\"accordion-inner\" aria-labelledby=\"accordion-1512186083-label\" >\n\t\t\t\n<p><span style=\"color: #3366ff;\">Trang ch\u1ee7 78win game h\u1ed7 tr\u1ee3 h\u00ecnh th\u1ee9c giao d\u1ecbch<\/span><\/p>\n<ul>\n<li><span style=\"color: #3366ff;\">Giao \u0111\u1ecbch b\u1eb1ng s\u1ed1 t\u00e0i kho\u1ea3n ng\u00e2n h\u00e0ng: vietcombank, vpbank, bidv&#8230;<\/span><\/li>\n<li><span style=\"color: #3366ff;\">Giao d\u1ecbch b\u1eb1ng thi\u1ebft l\u1eadp m\u00e3 QR<\/span><\/li>\n<li><span style=\"color: #3366ff;\">Giao d\u1ecbch qua v\u00ed \u0111i\u1ec7n t\u1eed ( Momo, Viettel Pay, zalo Pay..)<\/span><\/li>\n<li><span style=\"color: #3366ff;\">Giao d\u1ecbch qua v\u00ed ti\u1ec1n \u1ea3o ( USDT).<\/span><\/li>\n<\/ul>\n\t\t<\/div>\n\t<\/div>\n\t\n\t<div id=\"accordion-2447760325\" class=\"accordion-item\">\n\t\t<a id=\"accordion-2447760325-label\" class=\"accordion-title plain\" href=\"#accordion-item-d\u1ecbch-v\u1ee5-cskh-t\u1ea1i-78win-bet-c\u00f3-t\u1ed1t-kh\u00f4ng?\" aria-expanded=\"false\" aria-controls=\"accordion-2447760325-content\" >\n\t\t\t<button class=\"toggle\" aria-label=\"Chuy\u1ec3n \u0111\u1ed5i\"><i class=\"icon-angle-down\"><\/i><\/button>\n\t\t\t<span>D\u1ecbch v\u1ee5 CSKH t\u1ea1i 78win bet c\u00f3 t\u1ed1t kh\u00f4ng?<\/span>\n\t\t<\/a>\n\t\t<div id=\"accordion-2447760325-content\" class=\"accordion-inner\" aria-labelledby=\"accordion-2447760325-label\" >\n\t\t\t\n<p><span style=\"color: #3366ff;\">CSKH t\u1ea1i trang 78win \u0111\u01b0\u1ee3c \u0111\u00e0o t\u1ea1o chuy\u00ean nghi\u1ec7p \u1ee9ng ph\u00f3 x\u1eed l\u00fd t\u00ecnh hu\u1ed1ng nhanh, giao ti\u1ebfp l\u1ecbch s\u1ef1 t\u00f4n tr\u1ecdng ng\u01b0\u1eddi ch\u01a1i. Ho\u1ea1t \u0111\u1ed9ng 24\/7 ch\u1ec9 c\u1ea7n ng\u01b0\u1eddi ch\u01a1i li\u00ean h\u1ec7 s\u1ebd \u0111\u01b0\u1ee3c nh\u1eadn h\u1ed7 tr\u1ee3 ngay l\u1eadp t\u1ee9c, \u0111\u1ea3m b\u1ea3o mang \u0111\u1ebfn tr\u1ea3i nghi\u1ec7m t\u1ed1t nh\u1ea5t cho ng\u01b0\u1eddi ch\u01a1i.<\/span><\/p>\n\t\t<\/div>\n\t<\/div>\n\t\n\t<div id=\"accordion-3065179563\" class=\"accordion-item\">\n\t\t<a id=\"accordion-3065179563-label\" class=\"accordion-title plain\" href=\"#accordion-item-c\u00f3-r\u00fat-\u0111\u01b0\u1ee3c-ti\u1ec1n-tr\u00ean-78win-v2-com-kh\u00f4ng?\" aria-expanded=\"false\" aria-controls=\"accordion-3065179563-content\" >\n\t\t\t<button class=\"toggle\" aria-label=\"Chuy\u1ec3n \u0111\u1ed5i\"><i class=\"icon-angle-down\"><\/i><\/button>\n\t\t\t<span>C\u00f3 r\u00fat \u0111\u01b0\u1ee3c ti\u1ec1n tr\u00ean 78win v2 com kh\u00f4ng?<\/span>\n\t\t<\/a>\n\t\t<div id=\"accordion-3065179563-content\" class=\"accordion-inner\" aria-labelledby=\"accordion-3065179563-label\" >\n\t\t\t\n<p><span style=\"color: #3366ff;\">Ng\u01b0\u1eddi ch\u01a1i ho\u00e0n to\u00e0n r\u00fat \u0111\u01b0\u1ee3c ti\u1ec1n khi \u0111\u00e3 \u0111\u1ea1t \u0111\u1ee7 \u0111i\u1ec1u ki\u1ec7n (ho\u00e0n th\u00e0nh s\u1ed1 v\u00f2ng c\u01b0\u1ee3c theo quy \u0111\u1ecbnh v\u00e0 s\u1ef1 ki\u1ec7n khuy\u1ebfn m\u00e3i). Giao d\u1ecbch ho\u00e0n to\u00e0n mi\u1ec5n ph\u00ed th\u1eddi gian x\u1eed l\u00fd t\u1eeb 1 &#8211; 5 ph\u00fat.<\/span><\/p>\n\t\t<\/div>\n\t<\/div>\n\t\n<p>&nbsp;<\/p>\n","protected":false},"excerpt":{"rendered":"<p>TRANG CH\u1ee6 \u0110\u0102NG NH\u1eacP NH\u00c0 C\u00c1I 78WIN Link trang t\u1ed5ng v\u00e0o 78winv2 co ch\u00ednh th\u1ee9c c\u1eadp nh\u1eadt ng\u00e0y h\u00f4m nay m\u1edbi nh\u1ea5t: Disclaimer (Tuy\u00ean b\u1ed1 mi\u1ec5n tr\u1eeb): N\u1ed9i dung t\u1ea1i 78winv2.net nh\u1eb1m m\u1ee5c \u0111\u00edch cung c\u1ea5p th\u00f4ng tin tham kh\u1ea3o cho ng\u01b0\u1eddi \u0111\u1ee7 18 tu\u1ed5i, \u0111ang sinh s\u1ed1ng ngo\u00e0i Vi\u1ec7t Nam v\u00e0 kh\u00f4ng li\u00ean quan&#8230;<\/p>\n","protected":false},"author":1,"featured_media":0,"parent":0,"menu_order":0,"comment_status":"closed","ping_status":"open","template":"page-right-sidebar.php","meta":{"footnotes":""},"class_list":["post-2","page","type-page","status-publish","hentry"],"_links":{"self":[{"href":"https:\/\/78winv2.net\/index.php?rest_route=\/wp\/v2\/pages\/2","targetHints":{"allow":["GET"]}}],"collection":[{"href":"https:\/\/78winv2.net\/index.php?rest_route=\/wp\/v2\/pages"}],"about":[{"href":"https:\/\/78winv2.net\/index.php?rest_route=\/wp\/v2\/types\/page"}],"author":[{"embeddable":true,"href":"https:\/\/78winv2.net\/index.php?rest_route=\/wp\/v2\/users\/1"}],"replies":[{"embeddable":true,"href":"https:\/\/78winv2.net\/index.php?rest_route=%2Fwp%2Fv2%2Fcomments&post=2"}],"version-history":[{"count":54,"href":"https:\/\/78winv2.net\/index.php?rest_route=\/wp\/v2\/pages\/2\/revisions"}],"predecessor-version":[{"id":632,"href":"https:\/\/78winv2.net\/index.php?rest_route=\/wp\/v2\/pages\/2\/revisions\/632"}],"wp:attachment":[{"href":"https:\/\/78winv2.net\/index.php?rest_route=%2Fwp%2Fv2%2Fmedia&parent=2"}],"curies":[{"name":"wp","href":"https:\/\/api.w.org\/{rel}","templated":true}]}}